{"id":1342,"date":"2025-05-07T11:25:02","date_gmt":"2025-05-07T16:25:02","guid":{"rendered":"https:\/\/lactolife.com\/?post_type=product&#038;p=1342"},"modified":"2025-05-09T12:32:57","modified_gmt":"2025-05-09T17:32:57","slug":"probioticos-para-humanos-x-100gr","status":"publish","type":"product","link":"https:\/\/lactolife.com\/?product=probioticos-para-humanos-x-100gr","title":{"rendered":"Probi\u00f3ticos para humanos x 100gr"},"content":{"rendered":"<p dir=\"ltr\" data-pm-slice=\"1 1 [&quot;bulletList&quot;,{&quot;tight&quot;:true,&quot;dir&quot;:&quot;ltr&quot;},&quot;listItem&quot;,{}]\">Los Probi\u00f3ticos para Humanos de LACTO LIFE en bolsa de 100g son tu aliado para una salud digestiva \u00f3ptima. Formulados con cepas probi\u00f3ticas vivas como <em>Lactobacillus<\/em> y <em>Bifidobacterium<\/em>, este suplemento en polvo promueve el equilibrio de la flora intestinal, mejora la digesti\u00f3n y fortalece el sistema inmunol\u00f3gico. Perfectos para mezclar con agua, jugos o alimentos, son ideales para adultos que buscan bienestar diario. Elaborados artesanalmente en Colombia, sin aditivos, garantizan calidad y pureza. \u00a1Cuida tu salud con un producto natural y efectivo, dise\u00f1ado para tu estilo de vida!<\/p>\n","protected":false},"excerpt":{"rendered":"<p dir=\"ltr\" data-pm-slice=\"1 1 [&quot;bulletList&quot;,{&quot;tight&quot;:true,&quot;dir&quot;:&quot;ltr&quot;},&quot;listItem&quot;,{}]\">Probi\u00f3ticos para Humanos 100g, suplemento en polvo con cepas probi\u00f3ticas. Equilibra la flora intestinal y fortalece la inmunidad. F\u00e1cil de mezclar, sin aditivos, hecho en Colombia. \u00a1Ideal para tu bienestar diario!<\/p>\n","protected":false},"featured_media":572,"comment_status":"open","ping_status":"closed","template":"","meta":[],"product_brand":[],"product_cat":[34,33],"product_tag":[],"class_list":{"0":"post-1342","1":"product","2":"type-product","3":"status-publish","4":"has-post-thumbnail","6":"product_cat-humanosprob","7":"product_cat-probioticos","9":"first","10":"instock","11":"shipping-taxable","12":"purchasable","13":"product-type-simple"},"_links":{"self":[{"href":"https:\/\/lactolife.com\/index.php?rest_route=\/wp\/v2\/product\/1342","targetHints":{"allow":["GET"]}}],"collection":[{"href":"https:\/\/lactolife.com\/index.php?rest_route=\/wp\/v2\/product"}],"about":[{"href":"https:\/\/lactolife.com\/index.php?rest_route=\/wp\/v2\/types\/product"}],"replies":[{"embeddable":true,"href":"https:\/\/lactolife.com\/index.php?rest_route=%2Fwp%2Fv2%2Fcomments&post=1342"}],"wp:featuredmedia":[{"embeddable":true,"href":"https:\/\/lactolife.com\/index.php?rest_route=\/wp\/v2\/media\/572"}],"wp:attachment":[{"href":"https:\/\/lactolife.com\/index.php?rest_route=%2Fwp%2Fv2%2Fmedia&parent=1342"}],"wp:term":[{"taxonomy":"product_brand","embeddable":true,"href":"https:\/\/lactolife.com\/index.php?rest_route=%2Fwp%2Fv2%2Fproduct_brand&post=1342"},{"taxonomy":"product_cat","embeddable":true,"href":"https:\/\/lactolife.com\/index.php?rest_route=%2Fwp%2Fv2%2Fproduct_cat&post=1342"},{"taxonomy":"product_tag","embeddable":true,"href":"https:\/\/lactolife.com\/index.php?rest_route=%2Fwp%2Fv2%2Fproduct_tag&post=1342"}],"curies":[{"name":"wp","href":"https:\/\/api.w.org\/{rel}","templated":true}]}}