{"id":1346,"date":"2025-05-07T11:28:21","date_gmt":"2025-05-07T16:28:21","guid":{"rendered":"https:\/\/lactolife.com\/?page_id=1346"},"modified":"2025-05-07T11:30:23","modified_gmt":"2025-05-07T16:30:23","slug":"mantequilla-crema-de-leche-tienda","status":"publish","type":"page","link":"https:\/\/lactolife.com\/?page_id=1346","title":{"rendered":"Mantequilla &#038; Crema De Leche | Tienda"},"content":{"rendered":"\t\t<div data-elementor-type=\"wp-page\" data-elementor-id=\"1346\" class=\"elementor elementor-1346\">\n\t\t\t\t\t\t<section class=\"elementor-section elementor-top-section elementor-element elementor-element-461b3722 elementor-section-full_width elementor-section-height-default elementor-section-height-default wpr-particle-no wpr-jarallax-no wpr-parallax-no wpr-sticky-section-no wpr-equal-height-no\" data-id=\"461b3722\" data-element_type=\"section\" data-e-type=\"section\" data-settings=\"{&quot;background_background&quot;:&quot;classic&quot;}\">\n\t\t\t\t\t\t<div class=\"elementor-container elementor-column-gap-no\">\n\t\t\t\t\t<div class=\"elementor-column elementor-col-100 elementor-top-column elementor-element elementor-element-61ffa8cc\" data-id=\"61ffa8cc\" data-element_type=\"column\" data-e-type=\"column\">\n\t\t\t<div class=\"elementor-widget-wrap elementor-element-populated\">\n\t\t\t\t\t\t<div class=\"elementor-element elementor-element-35fcb6de elementor-widget__width-initial elementor-absolute elementor-widget elementor-widget-image\" data-id=\"35fcb6de\" data-element_type=\"widget\" data-e-type=\"widget\" data-settings=\"{&quot;_position&quot;:&quot;absolute&quot;}\" data-widget_type=\"image.default\">\n\t\t\t\t<div class=\"elementor-widget-container\">\n\t\t\t\t\t\t\t\t\t\t\t\t\t\t\t<img decoding=\"async\" width=\"84\" height=\"131\" src=\"https:\/\/lactolife.com\/wp-content\/uploads\/2025\/05\/1b8b9c54-desi-banner-obj01.png\" class=\"attachment-full size-full wp-image-1209\" alt=\"\" \/>\t\t\t\t\t\t\t\t\t\t\t\t\t\t\t<\/div>\n\t\t\t\t<\/div>\n\t\t\t\t<div class=\"elementor-element elementor-element-37b99ad2 elementor-widget__width-initial elementor-absolute elementor-widget elementor-widget-image\" data-id=\"37b99ad2\" data-element_type=\"widget\" data-e-type=\"widget\" data-settings=\"{&quot;_position&quot;:&quot;absolute&quot;}\" data-widget_type=\"image.default\">\n\t\t\t\t<div class=\"elementor-widget-container\">\n\t\t\t\t\t\t\t\t\t\t\t\t\t\t\t<img decoding=\"async\" width=\"144\" height=\"115\" src=\"https:\/\/lactolife.com\/wp-content\/uploads\/2025\/05\/8d1acc50-desi-banner-obj03.png\" class=\"attachment-full size-full wp-image-1210\" alt=\"\" \/>\t\t\t\t\t\t\t\t\t\t\t\t\t\t\t<\/div>\n\t\t\t\t<\/div>\n\t\t\t\t<div class=\"elementor-element elementor-element-56df40b8 elementor-widget__width-initial elementor-absolute elementor-widget elementor-widget-image\" data-id=\"56df40b8\" data-element_type=\"widget\" data-e-type=\"widget\" data-settings=\"{&quot;_position&quot;:&quot;absolute&quot;}\" data-widget_type=\"image.default\">\n\t\t\t\t<div class=\"elementor-widget-container\">\n\t\t\t\t\t\t\t\t\t\t\t\t\t\t\t<img decoding=\"async\" width=\"144\" height=\"115\" src=\"https:\/\/lactolife.com\/wp-content\/uploads\/2025\/05\/f5deef41-desi-banner-obj04.png\" class=\"attachment-full size-full wp-image-1211\" alt=\"\" \/>\t\t\t\t\t\t\t\t\t\t\t\t\t\t\t<\/div>\n\t\t\t\t<\/div>\n\t\t\t\t<section class=\"elementor-section elementor-inner-section elementor-element elementor-element-1183b679 elementor-section-boxed elementor-section-height-default elementor-section-height-default wpr-particle-no wpr-jarallax-no wpr-parallax-no wpr-sticky-section-no wpr-equal-height-no\" data-id=\"1183b679\" data-element_type=\"section\" data-e-type=\"section\">\n\t\t\t\t\t\t<div class=\"elementor-container elementor-column-gap-no\">\n\t\t\t\t\t<div class=\"elementor-column elementor-col-100 elementor-inner-column elementor-element elementor-element-390d7d9b\" data-id=\"390d7d9b\" data-element_type=\"column\" data-e-type=\"column\">\n\t\t\t<div class=\"elementor-widget-wrap elementor-element-populated\">\n\t\t\t\t\t\t<div class=\"elementor-element elementor-element-3966a10a elementor-widget elementor-widget-heading\" data-id=\"3966a10a\" data-element_type=\"widget\" data-e-type=\"widget\" data-widget_type=\"heading.default\">\n\t\t\t\t<div class=\"elementor-widget-container\">\n\t\t\t\t\t<h2 class=\"elementor-heading-title elementor-size-default\">Mantequilla &amp; Crema De Leche<\/h2>\t\t\t\t<\/div>\n\t\t\t\t<\/div>\n\t\t\t\t\t<\/div>\n\t\t<\/div>\n\t\t\t\t\t<\/div>\n\t\t<\/section>\n\t\t\t\t\t<\/div>\n\t\t<\/div>\n\t\t\t\t\t<\/div>\n\t\t<\/section>\n\t\t\t\t<section class=\"elementor-section elementor-top-section elementor-element elementor-element-42052d78 elementor-section-boxed elementor-section-height-default elementor-section-height-default wpr-particle-no wpr-jarallax-no wpr-parallax-no wpr-sticky-section-no wpr-equal-height-no\" data-id=\"42052d78\" data-element_type=\"section\" data-e-type=\"section\" data-settings=\"{&quot;background_background&quot;:&quot;classic&quot;}\">\n\t\t\t\t\t\t<div class=\"elementor-container elementor-column-gap-no\">\n\t\t\t\t\t<div class=\"elementor-column elementor-col-100 elementor-top-column elementor-element elementor-element-8f959ff\" data-id=\"8f959ff\" data-element_type=\"column\" data-e-type=\"column\">\n\t\t\t<div class=\"elementor-widget-wrap elementor-element-populated\">\n\t\t\t\t\t\t<div class=\"elementor-element elementor-element-3b48232b eael-product-grid-column-tablet-2 eael-product-grid-column-mobile-1 eael-product-grid-column-2 elementor-invisible elementor-widget elementor-widget-eicon-woocommerce\" data-id=\"3b48232b\" data-element_type=\"widget\" data-e-type=\"widget\" data-settings=\"{&quot;_animation&quot;:&quot;fadeInRight&quot;}\" data-widget_type=\"eicon-woocommerce.default\">\n\t\t\t\t<div class=\"elementor-widget-container\">\n\t\t\t\t\t\n        <div class=\"eael-product-grid eael-product-simple grid\" id=\"eael-product-grid\" data-widget-id=\"3b48232b\" data-page-id=\"1346\" data-nonce=\"5bd351277d\" >\n            <div class=\"woocommerce\">\n                <ul class=\"products eael-post-appender eael-post-appender-3b48232b\" data-ssi-desktop=\"no\" data-ssi-tablet=\"no\" data-ssi-mobile=\"no\" data-layout-mode=\"grid\"> <li class=\"product \">\n<div class=\"eael-product-wrap\" data-src=\"\" data-src-hover=\"\">\n    <a href=\"https:\/\/lactolife.com\/?product=mantequilla-natural-sin-sal\" class=\"woocommerce-LoopProduct-link woocommerce-loop-product__link\"><img fetchpriority=\"high\" decoding=\"async\" width=\"1200\" height=\"1200\" src=\"https:\/\/lactolife.com\/wp-content\/uploads\/woocommerce-placeholder.png\" class=\"attachment-woocommerce_thumbnail size-woocommerce_thumbnail wvs-archive-product-image\" alt=\"Marcador\" loading=\"eager\" srcset=\"https:\/\/lactolife.com\/wp-content\/uploads\/woocommerce-placeholder.png 1200w, https:\/\/lactolife.com\/wp-content\/uploads\/woocommerce-placeholder-300x300.png 300w, https:\/\/lactolife.com\/wp-content\/uploads\/woocommerce-placeholder-100x100.png 100w, https:\/\/lactolife.com\/wp-content\/uploads\/woocommerce-placeholder-600x600.png 600w, https:\/\/lactolife.com\/wp-content\/uploads\/woocommerce-placeholder-1024x1024.png 1024w, https:\/\/lactolife.com\/wp-content\/uploads\/woocommerce-placeholder-150x150.png 150w, https:\/\/lactolife.com\/wp-content\/uploads\/woocommerce-placeholder-768x768.png 768w, https:\/\/lactolife.com\/wp-content\/uploads\/woocommerce-placeholder-200x200.png 200w, https:\/\/lactolife.com\/wp-content\/uploads\/woocommerce-placeholder-400x400.png 400w, https:\/\/lactolife.com\/wp-content\/uploads\/woocommerce-placeholder-500x500.png 500w\" sizes=\"(max-width: 1200px) 100vw, 1200px\" \/><\/a><div class=\"eael-product-title\">\n    <a href=\"https:\/\/lactolife.com\/?product=mantequilla-natural-sin-sal\" class=\"woocommerce-LoopProduct-link woocommerce-loop-product__link\"><h2 class=\"woocommerce-loop-product__title\">Mantequilla natural sin sal<\/h2><\/a>\n    <\/div><div class=\"eael-product-price\"><span class=\"woocommerce-Price-amount amount\" aria-hidden=\"true\"><bdi><span class=\"woocommerce-Price-currencySymbol\">&#36;<\/span>&nbsp;9.000<\/bdi><\/span> <span aria-hidden=\"true\">-<\/span> <span class=\"woocommerce-Price-amount amount\" aria-hidden=\"true\"><bdi><span class=\"woocommerce-Price-currencySymbol\">&#36;<\/span>&nbsp;90.000<\/bdi><\/span><span class=\"screen-reader-text\">Rango de precios: desde &#36;&nbsp;9.000 hasta &#36;&nbsp;90.000<\/span><\/div>    <a href=\"https:\/\/lactolife.com\/?product=mantequilla-natural-sin-sal\" aria-describedby=\"woocommerce_loop_add_to_cart_link_describedby_1086\" data-quantity=\"1\" class=\"button product_type_variable add_to_cart_button\" data-product_id=\"1086\" data-product_sku=\"\" aria-label=\"Elige las opciones para &ldquo;Mantequilla natural sin sal&rdquo;\" rel=\"nofollow\">Seleccionar opciones<\/a>\t<span id=\"woocommerce_loop_add_to_cart_link_describedby_1086\" class=\"screen-reader-text\">\n\t\tEste producto tiene m\u00faltiples variantes. Las opciones se pueden elegir en la p\u00e1gina de producto\t<\/span>\n    \n<\/div>\n\n<\/li> <li class=\"product \">\n<div class=\"eael-product-wrap\" data-src=\"\" data-src-hover=\"\">\n    <a href=\"https:\/\/lactolife.com\/?product=crema-de-leche\" class=\"woocommerce-LoopProduct-link woocommerce-loop-product__link\"><img decoding=\"async\" width=\"1080\" height=\"1920\" src=\"https:\/\/lactolife.com\/wp-content\/uploads\/2025\/04\/Untitled-design21.png\" class=\"attachment-woocommerce_thumbnail size-woocommerce_thumbnail wvs-archive-product-image\" alt=\"Crema de leche\" loading=\"eager\" srcset=\"https:\/\/lactolife.com\/wp-content\/uploads\/2025\/04\/Untitled-design21.png 1080w, https:\/\/lactolife.com\/wp-content\/uploads\/2025\/04\/Untitled-design21-600x1067.png 600w, https:\/\/lactolife.com\/wp-content\/uploads\/2025\/04\/Untitled-design21-169x300.png 169w, https:\/\/lactolife.com\/wp-content\/uploads\/2025\/04\/Untitled-design21-576x1024.png 576w, https:\/\/lactolife.com\/wp-content\/uploads\/2025\/04\/Untitled-design21-768x1365.png 768w, https:\/\/lactolife.com\/wp-content\/uploads\/2025\/04\/Untitled-design21-864x1536.png 864w\" sizes=\"(max-width: 1080px) 100vw, 1080px\" \/><\/a><div class=\"eael-product-title\">\n    <a href=\"https:\/\/lactolife.com\/?product=crema-de-leche\" class=\"woocommerce-LoopProduct-link woocommerce-loop-product__link\"><h2 class=\"woocommerce-loop-product__title\">Crema de leche<\/h2><\/a>\n    <\/div><div class=\"eael-product-price\"><span class=\"woocommerce-Price-amount amount\" aria-hidden=\"true\"><bdi><span class=\"woocommerce-Price-currencySymbol\">&#36;<\/span>&nbsp;4.500<\/bdi><\/span> <span aria-hidden=\"true\">-<\/span> <span class=\"woocommerce-Price-amount amount\" aria-hidden=\"true\"><bdi><span class=\"woocommerce-Price-currencySymbol\">&#36;<\/span>&nbsp;45.000<\/bdi><\/span><span class=\"screen-reader-text\">Rango de precios: desde &#36;&nbsp;4.500 hasta &#36;&nbsp;45.000<\/span><\/div>    <a href=\"https:\/\/lactolife.com\/?product=crema-de-leche\" aria-describedby=\"woocommerce_loop_add_to_cart_link_describedby_1134\" data-quantity=\"1\" class=\"button product_type_variable add_to_cart_button\" data-product_id=\"1134\" data-product_sku=\"\" aria-label=\"Elige las opciones para &ldquo;Crema de leche&rdquo;\" rel=\"nofollow\">Seleccionar opciones<\/a>\t<span id=\"woocommerce_loop_add_to_cart_link_describedby_1134\" class=\"screen-reader-text\">\n\t\tEste producto tiene m\u00faltiples variantes. Las opciones se pueden elegir en la p\u00e1gina de producto\t<\/span>\n    \n<\/div>\n\n<\/li><\/ul>            <\/div>\n        <\/div>\n\n        <script type=\"text\/javascript\">\n            jQuery(document).ready(function($) {\n                var $scope = jQuery(\".elementor-element-3b48232b\");\n                var $products = $('.products', $scope);\n                var $layout_mode = $products.data('layout-mode');\n                \n                if ( $layout_mode === 'masonry' ) {\n                    \/\/ init isotope\n                    var $isotope_products = $products.isotope({\n                        itemSelector: \"li.product\",\n                        layoutMode: $layout_mode,\n                        percentPosition: true\n                    });\n\n                    $isotope_products.imagesLoaded().progress( function() {\n                        $isotope_products.isotope('layout');\n                    })\n                    \n                }\n            });\n        <\/script>\n        \t\t\t\t<\/div>\n\t\t\t\t<\/div>\n\t\t\t\t\t<\/div>\n\t\t<\/div>\n\t\t\t\t\t<\/div>\n\t\t<\/section>\n\t\t\t\t<section class=\"elementor-section elementor-top-section elementor-element elementor-element-3dc1f058 elementor-section-boxed elementor-section-height-default elementor-section-height-default wpr-particle-no wpr-jarallax-no wpr-parallax-no wpr-sticky-section-no wpr-equal-height-no\" data-id=\"3dc1f058\" data-element_type=\"section\" data-e-type=\"section\" data-settings=\"{&quot;background_background&quot;:&quot;classic&quot;}\">\n\t\t\t\t\t\t<div class=\"elementor-container elementor-column-gap-no\">\n\t\t\t\t\t<div class=\"elementor-column elementor-col-100 elementor-top-column elementor-element elementor-element-68c96414\" data-id=\"68c96414\" data-element_type=\"column\" data-e-type=\"column\">\n\t\t\t<div class=\"elementor-widget-wrap\">\n\t\t\t\t\t\t\t<\/div>\n\t\t<\/div>\n\t\t\t\t\t<\/div>\n\t\t<\/section>\n\t\t\t\t<\/div>\n\t\t","protected":false},"excerpt":{"rendered":"<p>Mantequilla &amp; Crema De Leche Mantequilla natural sin sal &#036;&nbsp;9.000 &ndash; &#036;&nbsp;90.000 Seleccionar opciones Este producto tiene m\u00faltiples variantes. Las opciones se pueden elegir en la p\u00e1gina de producto Crema de leche &#036;&nbsp;4.500 &ndash; &#036;&nbsp;45.000 Seleccionar opciones Este producto tiene m\u00faltiples variantes. Las opciones se pueden elegir en la p\u00e1gina de producto<\/p>\n","protected":false},"author":1,"featured_media":0,"parent":0,"menu_order":0,"comment_status":"closed","ping_status":"closed","template":"elementor_header_footer","meta":{"footnotes":""},"class_list":["post-1346","page","type-page","status-publish","hentry"],"_links":{"self":[{"href":"https:\/\/lactolife.com\/index.php?rest_route=\/wp\/v2\/pages\/1346","targetHints":{"allow":["GET"]}}],"collection":[{"href":"https:\/\/lactolife.com\/index.php?rest_route=\/wp\/v2\/pages"}],"about":[{"href":"https:\/\/lactolife.com\/index.php?rest_route=\/wp\/v2\/types\/page"}],"author":[{"embeddable":true,"href":"https:\/\/lactolife.com\/index.php?rest_route=\/wp\/v2\/users\/1"}],"replies":[{"embeddable":true,"href":"https:\/\/lactolife.com\/index.php?rest_route=%2Fwp%2Fv2%2Fcomments&post=1346"}],"version-history":[{"count":3,"href":"https:\/\/lactolife.com\/index.php?rest_route=\/wp\/v2\/pages\/1346\/revisions"}],"predecessor-version":[{"id":1349,"href":"https:\/\/lactolife.com\/index.php?rest_route=\/wp\/v2\/pages\/1346\/revisions\/1349"}],"wp:attachment":[{"href":"https:\/\/lactolife.com\/index.php?rest_route=%2Fwp%2Fv2%2Fmedia&parent=1346"}],"curies":[{"name":"wp","href":"https:\/\/api.w.org\/{rel}","templated":true}]}}