{"id":1339,"date":"2025-05-07T11:13:41","date_gmt":"2025-05-07T16:13:41","guid":{"rendered":"https:\/\/lactolife.com\/?page_id=1339"},"modified":"2025-05-07T11:26:21","modified_gmt":"2025-05-07T16:26:21","slug":"probioticos-para-humanos-y-mascotas-tienda-copy","status":"publish","type":"page","link":"https:\/\/lactolife.com\/?page_id=1339","title":{"rendered":"Probi\u00f3ticos para humanos y mascotas | Tienda &#8211; Copy"},"content":{"rendered":"\t\t<div data-elementor-type=\"wp-page\" data-elementor-id=\"1339\" class=\"elementor elementor-1339\">\n\t\t\t\t\t\t<section class=\"elementor-section elementor-top-section elementor-element elementor-element-461b3722 elementor-section-full_width elementor-section-height-default elementor-section-height-default wpr-particle-no wpr-jarallax-no wpr-parallax-no wpr-sticky-section-no wpr-equal-height-no\" data-id=\"461b3722\" data-element_type=\"section\" data-e-type=\"section\" data-settings=\"{&quot;background_background&quot;:&quot;classic&quot;}\">\n\t\t\t\t\t\t<div class=\"elementor-container elementor-column-gap-no\">\n\t\t\t\t\t<div class=\"elementor-column elementor-col-100 elementor-top-column elementor-element elementor-element-61ffa8cc\" data-id=\"61ffa8cc\" data-element_type=\"column\" data-e-type=\"column\">\n\t\t\t<div class=\"elementor-widget-wrap elementor-element-populated\">\n\t\t\t\t\t\t<div class=\"elementor-element elementor-element-35fcb6de elementor-widget__width-initial elementor-absolute elementor-widget elementor-widget-image\" data-id=\"35fcb6de\" data-element_type=\"widget\" data-e-type=\"widget\" data-settings=\"{&quot;_position&quot;:&quot;absolute&quot;}\" data-widget_type=\"image.default\">\n\t\t\t\t<div class=\"elementor-widget-container\">\n\t\t\t\t\t\t\t\t\t\t\t\t\t\t\t<img decoding=\"async\" width=\"84\" height=\"131\" src=\"https:\/\/lactolife.com\/wp-content\/uploads\/2025\/05\/1b8b9c54-desi-banner-obj01.png\" class=\"attachment-full size-full wp-image-1209\" alt=\"\" \/>\t\t\t\t\t\t\t\t\t\t\t\t\t\t\t<\/div>\n\t\t\t\t<\/div>\n\t\t\t\t<div class=\"elementor-element elementor-element-37b99ad2 elementor-widget__width-initial elementor-absolute elementor-widget elementor-widget-image\" data-id=\"37b99ad2\" data-element_type=\"widget\" data-e-type=\"widget\" data-settings=\"{&quot;_position&quot;:&quot;absolute&quot;}\" data-widget_type=\"image.default\">\n\t\t\t\t<div class=\"elementor-widget-container\">\n\t\t\t\t\t\t\t\t\t\t\t\t\t\t\t<img decoding=\"async\" width=\"144\" height=\"115\" src=\"https:\/\/lactolife.com\/wp-content\/uploads\/2025\/05\/8d1acc50-desi-banner-obj03.png\" class=\"attachment-full size-full wp-image-1210\" alt=\"\" \/>\t\t\t\t\t\t\t\t\t\t\t\t\t\t\t<\/div>\n\t\t\t\t<\/div>\n\t\t\t\t<div class=\"elementor-element elementor-element-56df40b8 elementor-widget__width-initial elementor-absolute elementor-widget elementor-widget-image\" data-id=\"56df40b8\" data-element_type=\"widget\" data-e-type=\"widget\" data-settings=\"{&quot;_position&quot;:&quot;absolute&quot;}\" data-widget_type=\"image.default\">\n\t\t\t\t<div class=\"elementor-widget-container\">\n\t\t\t\t\t\t\t\t\t\t\t\t\t\t\t<img decoding=\"async\" width=\"144\" height=\"115\" src=\"https:\/\/lactolife.com\/wp-content\/uploads\/2025\/05\/f5deef41-desi-banner-obj04.png\" class=\"attachment-full size-full wp-image-1211\" alt=\"\" \/>\t\t\t\t\t\t\t\t\t\t\t\t\t\t\t<\/div>\n\t\t\t\t<\/div>\n\t\t\t\t<section class=\"elementor-section elementor-inner-section elementor-element elementor-element-1183b679 elementor-section-boxed elementor-section-height-default elementor-section-height-default wpr-particle-no wpr-jarallax-no wpr-parallax-no wpr-sticky-section-no wpr-equal-height-no\" data-id=\"1183b679\" data-element_type=\"section\" data-e-type=\"section\">\n\t\t\t\t\t\t<div class=\"elementor-container elementor-column-gap-no\">\n\t\t\t\t\t<div class=\"elementor-column elementor-col-100 elementor-inner-column elementor-element elementor-element-390d7d9b\" data-id=\"390d7d9b\" data-element_type=\"column\" data-e-type=\"column\">\n\t\t\t<div class=\"elementor-widget-wrap elementor-element-populated\">\n\t\t\t\t\t\t<div class=\"elementor-element elementor-element-3966a10a elementor-widget elementor-widget-heading\" data-id=\"3966a10a\" data-element_type=\"widget\" data-e-type=\"widget\" data-widget_type=\"heading.default\">\n\t\t\t\t<div class=\"elementor-widget-container\">\n\t\t\t\t\t<h2 class=\"elementor-heading-title elementor-size-default\">Probi\u00f3ticos para humano &amp; animal<\/h2>\t\t\t\t<\/div>\n\t\t\t\t<\/div>\n\t\t\t\t\t<\/div>\n\t\t<\/div>\n\t\t\t\t\t<\/div>\n\t\t<\/section>\n\t\t\t\t\t<\/div>\n\t\t<\/div>\n\t\t\t\t\t<\/div>\n\t\t<\/section>\n\t\t\t\t<section class=\"elementor-section elementor-top-section elementor-element elementor-element-42052d78 elementor-section-boxed elementor-section-height-default elementor-section-height-default wpr-particle-no wpr-jarallax-no wpr-parallax-no wpr-sticky-section-no wpr-equal-height-no\" data-id=\"42052d78\" data-element_type=\"section\" data-e-type=\"section\" data-settings=\"{&quot;background_background&quot;:&quot;classic&quot;}\">\n\t\t\t\t\t\t<div class=\"elementor-container elementor-column-gap-no\">\n\t\t\t\t\t<div class=\"elementor-column elementor-col-100 elementor-top-column elementor-element elementor-element-8f959ff\" data-id=\"8f959ff\" data-element_type=\"column\" data-e-type=\"column\">\n\t\t\t<div class=\"elementor-widget-wrap elementor-element-populated\">\n\t\t\t\t\t\t<div class=\"elementor-element elementor-element-3b48232b eael-product-grid-column-tablet-2 eael-product-grid-column-mobile-1 eael-product-grid-column-3 elementor-invisible elementor-widget elementor-widget-eicon-woocommerce\" data-id=\"3b48232b\" data-element_type=\"widget\" data-e-type=\"widget\" data-settings=\"{&quot;_animation&quot;:&quot;fadeInRight&quot;}\" data-widget_type=\"eicon-woocommerce.default\">\n\t\t\t\t<div class=\"elementor-widget-container\">\n\t\t\t\t\t\n        <div class=\"eael-product-grid eael-product-simple grid\" id=\"eael-product-grid\" data-widget-id=\"3b48232b\" data-page-id=\"1339\" data-nonce=\"2c135ede11\" >\n            <div class=\"woocommerce\">\n                <ul class=\"products eael-post-appender eael-post-appender-3b48232b\" data-ssi-desktop=\"no\" data-ssi-tablet=\"no\" data-ssi-mobile=\"no\" data-layout-mode=\"grid\"> <li class=\"product \">\n<div class=\"eael-product-wrap\" data-src=\"\" data-src-hover=\"\">\n    <a href=\"https:\/\/lactolife.com\/?product=probioticos-para-perros-caja-de-de-10-sobres\" class=\"woocommerce-LoopProduct-link woocommerce-loop-product__link\"><img fetchpriority=\"high\" decoding=\"async\" width=\"1080\" height=\"1920\" src=\"https:\/\/lactolife.com\/wp-content\/uploads\/2025\/04\/1.png\" class=\"attachment-woocommerce_thumbnail size-woocommerce_thumbnail wvs-archive-product-image\" alt=\"Probi\u00f3ticos para perros caja de de 10 sobres\" loading=\"eager\" srcset=\"https:\/\/lactolife.com\/wp-content\/uploads\/2025\/04\/1.png 1080w, https:\/\/lactolife.com\/wp-content\/uploads\/2025\/04\/1-600x1067.png 600w, https:\/\/lactolife.com\/wp-content\/uploads\/2025\/04\/1-169x300.png 169w, https:\/\/lactolife.com\/wp-content\/uploads\/2025\/04\/1-576x1024.png 576w, https:\/\/lactolife.com\/wp-content\/uploads\/2025\/04\/1-768x1365.png 768w, https:\/\/lactolife.com\/wp-content\/uploads\/2025\/04\/1-864x1536.png 864w\" sizes=\"(max-width: 1080px) 100vw, 1080px\" \/><\/a><div class=\"eael-product-title\">\n    <a href=\"https:\/\/lactolife.com\/?product=probioticos-para-perros-caja-de-de-10-sobres\" class=\"woocommerce-LoopProduct-link woocommerce-loop-product__link\"><h2 class=\"woocommerce-loop-product__title\">Probi\u00f3ticos para perros caja de de 10 sobres<\/h2><\/a>\n    <\/div><div class=\"eael-product-price\"><span class=\"woocommerce-Price-amount amount\"><bdi><span class=\"woocommerce-Price-currencySymbol\">&#36;<\/span>&nbsp;50.000<\/bdi><\/span><\/div>    <a href=\"\/index.php?rest_route=%2Fwp%2Fv2%2Fpages%2F1339&#038;add-to-cart=1340\" aria-describedby=\"woocommerce_loop_add_to_cart_link_describedby_1340\" data-quantity=\"1\" class=\"button product_type_simple add_to_cart_button ajax_add_to_cart\" data-product_id=\"1340\" data-product_sku=\"\" aria-label=\"A\u00f1adir al carrito: &ldquo;Probi\u00f3ticos para perros caja de de 10 sobres&rdquo;\" rel=\"nofollow\" data-success_message=\"\u00abProbi\u00f3ticos para perros caja de de 10 sobres\u00bb se ha a\u00f1adido a tu carrito\" role=\"button\">A\u00f1adir al carrito<\/a>\t<span id=\"woocommerce_loop_add_to_cart_link_describedby_1340\" class=\"screen-reader-text\">\n\t\t\t<\/span>\n    \n<\/div>\n\n<\/li> <li class=\"product \">\n<div class=\"eael-product-wrap\" data-src=\"\" data-src-hover=\"\">\n    <a href=\"https:\/\/lactolife.com\/?product=probioticos-para-humanos-x-100gr\" class=\"woocommerce-LoopProduct-link woocommerce-loop-product__link\"><img decoding=\"async\" width=\"1080\" height=\"1920\" src=\"https:\/\/lactolife.com\/wp-content\/uploads\/2025\/04\/6.png\" class=\"attachment-woocommerce_thumbnail size-woocommerce_thumbnail wvs-archive-product-image\" alt=\"Probi\u00f3ticos para humanos x 100gr\" loading=\"eager\" srcset=\"https:\/\/lactolife.com\/wp-content\/uploads\/2025\/04\/6.png 1080w, https:\/\/lactolife.com\/wp-content\/uploads\/2025\/04\/6-600x1067.png 600w, https:\/\/lactolife.com\/wp-content\/uploads\/2025\/04\/6-169x300.png 169w, https:\/\/lactolife.com\/wp-content\/uploads\/2025\/04\/6-576x1024.png 576w, https:\/\/lactolife.com\/wp-content\/uploads\/2025\/04\/6-768x1365.png 768w, https:\/\/lactolife.com\/wp-content\/uploads\/2025\/04\/6-864x1536.png 864w\" sizes=\"(max-width: 1080px) 100vw, 1080px\" \/><\/a><div class=\"eael-product-title\">\n    <a href=\"https:\/\/lactolife.com\/?product=probioticos-para-humanos-x-100gr\" class=\"woocommerce-LoopProduct-link woocommerce-loop-product__link\"><h2 class=\"woocommerce-loop-product__title\">Probi\u00f3ticos para humanos x 100gr<\/h2><\/a>\n    <\/div><div class=\"eael-product-price\"><span class=\"woocommerce-Price-amount amount\"><bdi><span class=\"woocommerce-Price-currencySymbol\">&#36;<\/span>&nbsp;120.000<\/bdi><\/span><\/div>    <a href=\"\/index.php?rest_route=%2Fwp%2Fv2%2Fpages%2F1339&#038;add-to-cart=1342\" aria-describedby=\"woocommerce_loop_add_to_cart_link_describedby_1342\" data-quantity=\"1\" class=\"button product_type_simple add_to_cart_button ajax_add_to_cart\" data-product_id=\"1342\" data-product_sku=\"\" aria-label=\"A\u00f1adir al carrito: &ldquo;Probi\u00f3ticos para humanos x 100gr&rdquo;\" rel=\"nofollow\" data-success_message=\"\u00abProbi\u00f3ticos para humanos x 100gr\u00bb se ha a\u00f1adido a tu carrito\" role=\"button\">A\u00f1adir al carrito<\/a>\t<span id=\"woocommerce_loop_add_to_cart_link_describedby_1342\" class=\"screen-reader-text\">\n\t\t\t<\/span>\n    \n<\/div>\n\n<\/li> <li class=\"product \">\n<div class=\"eael-product-wrap\" data-src=\"\" data-src-hover=\"\">\n    <a href=\"https:\/\/lactolife.com\/?product=probioticos-para-gatos-caja-de-10-sobres\" class=\"woocommerce-LoopProduct-link woocommerce-loop-product__link\"><img decoding=\"async\" width=\"1080\" height=\"1920\" src=\"https:\/\/lactolife.com\/wp-content\/uploads\/2025\/04\/2.png\" class=\"attachment-woocommerce_thumbnail size-woocommerce_thumbnail wvs-archive-product-image\" alt=\"Probi\u00f3ticos para gatos caja de 10 sobres\" loading=\"eager\" srcset=\"https:\/\/lactolife.com\/wp-content\/uploads\/2025\/04\/2.png 1080w, https:\/\/lactolife.com\/wp-content\/uploads\/2025\/04\/2-600x1067.png 600w, https:\/\/lactolife.com\/wp-content\/uploads\/2025\/04\/2-169x300.png 169w, https:\/\/lactolife.com\/wp-content\/uploads\/2025\/04\/2-576x1024.png 576w, https:\/\/lactolife.com\/wp-content\/uploads\/2025\/04\/2-768x1365.png 768w, https:\/\/lactolife.com\/wp-content\/uploads\/2025\/04\/2-864x1536.png 864w\" sizes=\"(max-width: 1080px) 100vw, 1080px\" \/><\/a><div class=\"eael-product-title\">\n    <a href=\"https:\/\/lactolife.com\/?product=probioticos-para-gatos-caja-de-10-sobres\" class=\"woocommerce-LoopProduct-link woocommerce-loop-product__link\"><h2 class=\"woocommerce-loop-product__title\">Probi\u00f3ticos para gatos caja de 10 sobres<\/h2><\/a>\n    <\/div><div class=\"eael-product-price\"><span class=\"woocommerce-Price-amount amount\"><bdi><span class=\"woocommerce-Price-currencySymbol\">&#36;<\/span>&nbsp;40.000<\/bdi><\/span><\/div>    <a href=\"\/index.php?rest_route=%2Fwp%2Fv2%2Fpages%2F1339&#038;add-to-cart=1341\" aria-describedby=\"woocommerce_loop_add_to_cart_link_describedby_1341\" data-quantity=\"1\" class=\"button product_type_simple add_to_cart_button ajax_add_to_cart\" data-product_id=\"1341\" data-product_sku=\"\" aria-label=\"A\u00f1adir al carrito: &ldquo;Probi\u00f3ticos para gatos caja de 10 sobres&rdquo;\" rel=\"nofollow\" data-success_message=\"\u00abProbi\u00f3ticos para gatos caja de 10 sobres\u00bb se ha a\u00f1adido a tu carrito\" role=\"button\">A\u00f1adir al carrito<\/a>\t<span id=\"woocommerce_loop_add_to_cart_link_describedby_1341\" class=\"screen-reader-text\">\n\t\t\t<\/span>\n    \n<\/div>\n\n<\/li><\/ul>            <\/div>\n        <\/div>\n\n        <script type=\"text\/javascript\">\n            jQuery(document).ready(function($) {\n                var $scope = jQuery(\".elementor-element-3b48232b\");\n                var $products = $('.products', $scope);\n                var $layout_mode = $products.data('layout-mode');\n                \n                if ( $layout_mode === 'masonry' ) {\n                    \/\/ init isotope\n                    var $isotope_products = $products.isotope({\n                        itemSelector: \"li.product\",\n                        layoutMode: $layout_mode,\n                        percentPosition: true\n                    });\n\n                    $isotope_products.imagesLoaded().progress( function() {\n                        $isotope_products.isotope('layout');\n                    })\n                    \n                }\n            });\n        <\/script>\n        \t\t\t\t<\/div>\n\t\t\t\t<\/div>\n\t\t\t\t\t<\/div>\n\t\t<\/div>\n\t\t\t\t\t<\/div>\n\t\t<\/section>\n\t\t\t\t<section class=\"elementor-section elementor-top-section elementor-element elementor-element-3dc1f058 elementor-section-boxed elementor-section-height-default elementor-section-height-default wpr-particle-no wpr-jarallax-no wpr-parallax-no wpr-sticky-section-no wpr-equal-height-no\" data-id=\"3dc1f058\" data-element_type=\"section\" data-e-type=\"section\" data-settings=\"{&quot;background_background&quot;:&quot;classic&quot;}\">\n\t\t\t\t\t\t<div class=\"elementor-container elementor-column-gap-no\">\n\t\t\t\t\t<div class=\"elementor-column elementor-col-100 elementor-top-column elementor-element elementor-element-68c96414\" data-id=\"68c96414\" data-element_type=\"column\" data-e-type=\"column\">\n\t\t\t<div class=\"elementor-widget-wrap\">\n\t\t\t\t\t\t\t<\/div>\n\t\t<\/div>\n\t\t\t\t\t<\/div>\n\t\t<\/section>\n\t\t\t\t<\/div>\n\t\t","protected":false},"excerpt":{"rendered":"<p>Probi\u00f3ticos para humano &amp; animal Probi\u00f3ticos para perros caja de de 10 sobres &#036;&nbsp;50.000 A\u00f1adir al carrito Probi\u00f3ticos para humanos x 100gr &#036;&nbsp;12.000 A\u00f1adir al carrito Probi\u00f3ticos para gatos caja de 10 sobres &#036;&nbsp;40.000 A\u00f1adir al carrito<\/p>\n","protected":false},"author":1,"featured_media":0,"parent":0,"menu_order":0,"comment_status":"closed","ping_status":"closed","template":"elementor_header_footer","meta":{"footnotes":""},"class_list":["post-1339","page","type-page","status-publish","hentry"],"_links":{"self":[{"href":"https:\/\/lactolife.com\/index.php?rest_route=\/wp\/v2\/pages\/1339","targetHints":{"allow":["GET"]}}],"collection":[{"href":"https:\/\/lactolife.com\/index.php?rest_route=\/wp\/v2\/pages"}],"about":[{"href":"https:\/\/lactolife.com\/index.php?rest_route=\/wp\/v2\/types\/page"}],"author":[{"embeddable":true,"href":"https:\/\/lactolife.com\/index.php?rest_route=\/wp\/v2\/users\/1"}],"replies":[{"embeddable":true,"href":"https:\/\/lactolife.com\/index.php?rest_route=%2Fwp%2Fv2%2Fcomments&post=1339"}],"version-history":[{"count":3,"href":"https:\/\/lactolife.com\/index.php?rest_route=\/wp\/v2\/pages\/1339\/revisions"}],"predecessor-version":[{"id":1345,"href":"https:\/\/lactolife.com\/index.php?rest_route=\/wp\/v2\/pages\/1339\/revisions\/1345"}],"wp:attachment":[{"href":"https:\/\/lactolife.com\/index.php?rest_route=%2Fwp%2Fv2%2Fmedia&parent=1339"}],"curies":[{"name":"wp","href":"https:\/\/api.w.org\/{rel}","templated":true}]}}